{"id":2,"date":"2022-01-29T11:38:26","date_gmt":"2022-01-29T11:38:26","guid":{"rendered":"https:\/\/happynotes.info\/?page_id=2"},"modified":"2023-01-17T13:26:59","modified_gmt":"2023-01-17T13:26:59","slug":"sample-page","status":"publish","type":"page","link":"https:\/\/happynotes.info\/","title":{"rendered":"Startseite"},"content":{"rendered":"<style>\/*! elementor - v3.9.2 - 21-12-2022 *\/<br \/>\nbody.elementor-page .elementor-widget-menu-anchor{margin-bottom:0}<\/style>\n<style>\/*! elementor - v3.9.2 - 21-12-2022 *\/<br \/>\n.elementor-column .elementor-spacer-inner{height:var(--spacer-size)}.e-con{--container-widget-width:100%}.e-con-inner>.elementor-widget-spacer,.e-con>.elementor-widget-spacer{width:var(--container-widget-width,var(--spacer-size));--align-self:var(--container-widget-align-self,initial);--flex-shrink:0}.e-con-inner>.elementor-widget-spacer>.elementor-widget-container,.e-con-inner>.elementor-widget-spacer>.elementor-widget-container>.elementor-spacer,.e-con>.elementor-widget-spacer>.elementor-widget-container,.e-con>.elementor-widget-spacer>.elementor-widget-container>.elementor-spacer{height:100%}.e-con-inner>.elementor-widget-spacer>.elementor-widget-container>.elementor-spacer>.elementor-spacer-inner,.e-con>.elementor-widget-spacer>.elementor-widget-container>.elementor-spacer>.elementor-spacer-inner{height:var(--container-widget-height,var(--spacer-size))}<\/style>\n<style>\/*! elementor - v3.9.2 - 21-12-2022 *\/<br \/>\n.elementor-heading-title{padding:0;margin:0;line-height:1}.elementor-widget-heading .elementor-heading-title[class*=elementor-size-]>a{color:inherit;font-size:inherit;line-height:inherit}.elementor-widget-heading .elementor-heading-title.elementor-size-small{font-size:15px}.elementor-widget-heading .elementor-heading-title.elementor-size-medium{font-size:19px}.elementor-widget-heading .elementor-heading-title.elementor-size-large{font-size:29px}.elementor-widget-heading .elementor-heading-title.elementor-size-xl{font-size:39px}.elementor-widget-heading .elementor-heading-title.elementor-size-xxl{font-size:59px}<\/style>\n<h1>HAPPYNOTES<\/h1>\n<p style=\"break-after: avoid; text-align: center;\"><strong>Happynotes wird Dein Begleiter auf Deinem happy-Weg.<\/strong><\/p>\n<p style=\"mso-pagination: lines-together; page-break-after: avoid;\">Happynotes steht f\u00fcr positive Energien und eine wache und gef\u00fchlvolle Entwicklung Deines Selbst. Happynotes begleitet Dich in der Findung Deiner Realit\u00e4t, steht Dir zur Seite bei der Suche nach Deinem pers\u00f6nlichen Weg zu Deinem besten Selbst und bietet Dir eine Freundschaft und Unterst\u00fctzung f\u00fcr die Gespr\u00e4che in Deinem Kopf.<\/p>\n<p style=\"mso-pagination: lines-together; page-break-after: avoid;\">\n<p style=\"mso-pagination: lines-together; page-break-after: avoid;\">Happynotes lebt die PARAGUS\u00ae PRINZIPIEN und wird Dir einen Einblick in die Grundgedanken der sieben PARAGUS\u00ae PRINZIPIEN vermitteln. Sei gespannt und offen, Du wirst von der Leichtigkeit des eigenen Gl\u00fccks begeistert sein.<\/p>\n","protected":false},"excerpt":{"rendered":"<p>HAPPYNOTES Happynotes wird Dein Begleiter auf Deinem happy-Weg. Happynotes steht f\u00fcr positive Energien und eine wache und gef\u00fchlvolle Entwicklung Deines Selbst. Happynotes begleitet Dich in &hellip;<\/p>\n","protected":false},"author":1,"featured_media":0,"parent":0,"menu_order":0,"comment_status":"closed","ping_status":"closed","template":"","meta":{"footnotes":""},"class_list":["post-2","page","type-page","status-publish","hentry"],"acf":[],"_links":{"self":[{"href":"https:\/\/happynotes.info\/index.php\/wp-json\/wp\/v2\/pages\/2","targetHints":{"allow":["GET"]}}],"collection":[{"href":"https:\/\/happynotes.info\/index.php\/wp-json\/wp\/v2\/pages"}],"about":[{"href":"https:\/\/happynotes.info\/index.php\/wp-json\/wp\/v2\/types\/page"}],"author":[{"embeddable":true,"href":"https:\/\/happynotes.info\/index.php\/wp-json\/wp\/v2\/users\/1"}],"replies":[{"embeddable":true,"href":"https:\/\/happynotes.info\/index.php\/wp-json\/wp\/v2\/comments?post=2"}],"version-history":[{"count":90,"href":"https:\/\/happynotes.info\/index.php\/wp-json\/wp\/v2\/pages\/2\/revisions"}],"predecessor-version":[{"id":235,"href":"https:\/\/happynotes.info\/index.php\/wp-json\/wp\/v2\/pages\/2\/revisions\/235"}],"wp:attachment":[{"href":"https:\/\/happynotes.info\/index.php\/wp-json\/wp\/v2\/media?parent=2"}],"curies":[{"name":"wp","href":"https:\/\/api.w.org\/{rel}","templated":true}]}}